{"id":55,"date":"2017-09-21T16:19:26","date_gmt":"2017-09-21T14:19:26","guid":{"rendered":"http:\/\/gregorytimal.be\/?page_id=55"},"modified":"2020-11-17T17:51:28","modified_gmt":"2020-11-17T16:51:28","slug":"gestion-forestiere-et-consultance","status":"publish","type":"page","link":"http:\/\/gregorytimal.be\/index.php\/gestion-forestiere-et-consultance\/","title":{"rendered":"Gestion foresti\u00e8re et consultance"},"content":{"rendered":"<h3><span style=\"color: #000000;\">Gestion foresti\u00e8re compl\u00e8te<\/span><\/h3>\n<ul>\n<li><span style=\"color: #000000;\">d\u00e9finition des objectifs de gestion<\/span><\/li>\n<li><span style=\"color: #000000;\">parcellaire<\/span><\/li>\n<li><span style=\"color: #000000;\">planification des coupes et des travaux<\/span><\/li>\n<li><span style=\"color: #000000;\">marquage de coupes et ventes<\/span><\/li>\n<li><span style=\"color: #000000;\">ma\u00eetrise d&rsquo;\u0153uvre des chantiers<\/span><\/li>\n<li><span style=\"color: #000000;\">plan de gestion<\/span><\/li>\n<li><span style=\"color: #000000;\">cartographie des stations<\/span><\/li>\n<\/ul>\n<h3><span style=\"color: #000000;\">Consultance<\/span><\/h3>\n<ul>\n<li><span style=\"color: #000000;\">cartographie<\/span><\/li>\n<li><span style=\"color: #000000;\">diagnostic sylvicole<\/span><\/li>\n<li><span style=\"color: #000000;\">inventaires<\/span><\/li>\n<li><span style=\"color: #000000;\">projet de boisement<\/span><\/li>\n<li><span style=\"color: #000000;\">projet de r\u00e9g\u00e9n\u00e9ration naturelle<\/span><\/li>\n<li><span style=\"color: #000000;\">marquage de coupes et ventes<\/span><\/li>\n<li><span style=\"color: #000000;\">accompagnement personnalis\u00e9 dans la gestion<\/span><\/li>\n<\/ul>\n\n\n<figure class=\"wp-block-gallery columns-3 is-cropped\"><ul class=\"blocks-gallery-grid\"><li class=\"blocks-gallery-item\"><figure><img loading=\"lazy\" width=\"300\" height=\"199\" src=\"http:\/\/gregorytimal.be\/wp-content\/uploads\/2020\/11\/hetraie_printemps-300x199.jpg\" alt=\"\" data-id=\"3706\" data-full-url=\"http:\/\/gregorytimal.be\/wp-content\/uploads\/2020\/11\/hetraie_printemps.jpg\" data-link=\"http:\/\/gregorytimal.be\/index.php\/portfolio-item\/portfolio\/hetraie_printemps\/\" class=\"wp-image-3706\" srcset=\"http:\/\/gregorytimal.be\/wp-content\/uploads\/2020\/11\/hetraie_printemps-300x199.jpg 300w, http:\/\/gregorytimal.be\/wp-content\/uploads\/2020\/11\/hetraie_printemps-175x116.jpg 175w, http:\/\/gregorytimal.be\/wp-content\/uploads\/2020\/11\/hetraie_printemps.jpg 453w\" sizes=\"(max-width: 300px) 100vw, 300px\" \/><\/figure><\/li><li class=\"blocks-gallery-item\"><figure><img loading=\"lazy\" width=\"225\" height=\"300\" src=\"http:\/\/gregorytimal.be\/wp-content\/uploads\/2020\/11\/hetre_epicea-225x300.jpg\" alt=\"\" data-id=\"3711\" data-full-url=\"http:\/\/gregorytimal.be\/wp-content\/uploads\/2020\/11\/hetre_epicea.jpg\" data-link=\"http:\/\/gregorytimal.be\/index.php\/portfolio-item\/portfolio\/olympus-digital-camera-5\/\" class=\"wp-image-3711\" srcset=\"http:\/\/gregorytimal.be\/wp-content\/uploads\/2020\/11\/hetre_epicea-225x300.jpg 225w, http:\/\/gregorytimal.be\/wp-content\/uploads\/2020\/11\/hetre_epicea-768x1024.jpg 768w, http:\/\/gregorytimal.be\/wp-content\/uploads\/2020\/11\/hetre_epicea-1152x1536.jpg 1152w, http:\/\/gregorytimal.be\/wp-content\/uploads\/2020\/11\/hetre_epicea-87x116.jpg 87w, http:\/\/gregorytimal.be\/wp-content\/uploads\/2020\/11\/hetre_epicea.jpg 1536w\" sizes=\"(max-width: 225px) 100vw, 225px\" \/><\/figure><\/li><li class=\"blocks-gallery-item\"><figure><img loading=\"lazy\" width=\"225\" height=\"300\" src=\"http:\/\/gregorytimal.be\/wp-content\/uploads\/2020\/11\/pins-225x300.jpg\" alt=\"\" data-id=\"3707\" data-full-url=\"http:\/\/gregorytimal.be\/wp-content\/uploads\/2020\/11\/pins.jpg\" data-link=\"http:\/\/gregorytimal.be\/index.php\/portfolio-item\/portfolio\/olympus-digital-camera-3\/\" class=\"wp-image-3707\" srcset=\"http:\/\/gregorytimal.be\/wp-content\/uploads\/2020\/11\/pins-225x300.jpg 225w, http:\/\/gregorytimal.be\/wp-content\/uploads\/2020\/11\/pins-768x1024.jpg 768w, http:\/\/gregorytimal.be\/wp-content\/uploads\/2020\/11\/pins-1152x1536.jpg 1152w, http:\/\/gregorytimal.be\/wp-content\/uploads\/2020\/11\/pins-87x116.jpg 87w, http:\/\/gregorytimal.be\/wp-content\/uploads\/2020\/11\/pins.jpg 1536w\" sizes=\"(max-width: 225px) 100vw, 225px\" \/><\/figure><\/li><li class=\"blocks-gallery-item\"><figure><img loading=\"lazy\" width=\"199\" height=\"300\" src=\"http:\/\/gregorytimal.be\/wp-content\/uploads\/2020\/11\/gaulis-Ax-balivable-199x300.jpg\" alt=\"\" data-id=\"3709\" data-full-url=\"http:\/\/gregorytimal.be\/wp-content\/uploads\/2020\/11\/gaulis-Ax-balivable.jpg\" data-link=\"http:\/\/gregorytimal.be\/index.php\/portfolio-item\/portfolio\/gaulis-ax-balivable\/\" class=\"wp-image-3709\" srcset=\"http:\/\/gregorytimal.be\/wp-content\/uploads\/2020\/11\/gaulis-Ax-balivable-199x300.jpg 199w, http:\/\/gregorytimal.be\/wp-content\/uploads\/2020\/11\/gaulis-Ax-balivable-77x116.jpg 77w, http:\/\/gregorytimal.be\/wp-content\/uploads\/2020\/11\/gaulis-Ax-balivable.jpg 250w\" sizes=\"(max-width: 199px) 100vw, 199px\" \/><\/figure><\/li><li class=\"blocks-gallery-item\"><figure><img loading=\"lazy\" width=\"300\" height=\"225\" src=\"http:\/\/gregorytimal.be\/wp-content\/uploads\/2020\/11\/20191023_142939-300x225.jpg\" alt=\"\" data-id=\"3700\" data-full-url=\"http:\/\/gregorytimal.be\/wp-content\/uploads\/2020\/11\/20191023_142939-scaled.jpg\" data-link=\"http:\/\/gregorytimal.be\/index.php\/portfolio-item\/portfolio\/20191023_142939\/\" class=\"wp-image-3700\" srcset=\"http:\/\/gregorytimal.be\/wp-content\/uploads\/2020\/11\/20191023_142939-300x225.jpg 300w, http:\/\/gregorytimal.be\/wp-content\/uploads\/2020\/11\/20191023_142939-1024x768.jpg 1024w, http:\/\/gregorytimal.be\/wp-content\/uploads\/2020\/11\/20191023_142939-768x576.jpg 768w, http:\/\/gregorytimal.be\/wp-content\/uploads\/2020\/11\/20191023_142939-1536x1152.jpg 1536w, http:\/\/gregorytimal.be\/wp-content\/uploads\/2020\/11\/20191023_142939-2048x1536.jpg 2048w, http:\/\/gregorytimal.be\/wp-content\/uploads\/2020\/11\/20191023_142939-155x116.jpg 155w\" sizes=\"(max-width: 300px) 100vw, 300px\" \/><\/figure><\/li><li class=\"blocks-gallery-item\"><figure><img loading=\"lazy\" width=\"300\" height=\"225\" src=\"http:\/\/gregorytimal.be\/wp-content\/uploads\/2020\/11\/20191219_123648-300x225.jpg\" alt=\"\" data-id=\"3693\" data-full-url=\"http:\/\/gregorytimal.be\/wp-content\/uploads\/2020\/11\/20191219_123648-scaled.jpg\" data-link=\"http:\/\/gregorytimal.be\/index.php\/portfolio-item\/portfolio\/20191219_123648\/\" class=\"wp-image-3693\" srcset=\"http:\/\/gregorytimal.be\/wp-content\/uploads\/2020\/11\/20191219_123648-300x225.jpg 300w, http:\/\/gregorytimal.be\/wp-content\/uploads\/2020\/11\/20191219_123648-1024x768.jpg 1024w, http:\/\/gregorytimal.be\/wp-content\/uploads\/2020\/11\/20191219_123648-768x576.jpg 768w, http:\/\/gregorytimal.be\/wp-content\/uploads\/2020\/11\/20191219_123648-1536x1152.jpg 1536w, http:\/\/gregorytimal.be\/wp-content\/uploads\/2020\/11\/20191219_123648-2048x1536.jpg 2048w, http:\/\/gregorytimal.be\/wp-content\/uploads\/2020\/11\/20191219_123648-155x116.jpg 155w\" sizes=\"(max-width: 300px) 100vw, 300px\" \/><\/figure><\/li><\/ul><\/figure>\n","protected":false},"excerpt":{"rendered":"<p>Gestion foresti\u00e8re compl\u00e8te d\u00e9finition des objectifs de gestion parcellaire planification des coupes et des travaux marquage de coupes et ventes ma\u00eetrise d&rsquo;\u0153uvre des chantiers plan de gestion cartographie des stations Consultance cartographie diagnostic sylvicole inventaires projet de boisement projet de r\u00e9g\u00e9n\u00e9ration naturelle marquage de coupes et ventes accompagnement personnalis\u00e9 dans la gestion<\/p>\n","protected":false},"author":1,"featured_media":115,"parent":0,"menu_order":0,"comment_status":"closed","ping_status":"closed","template":"","meta":[],"_links":{"self":[{"href":"http:\/\/gregorytimal.be\/index.php\/wp-json\/wp\/v2\/pages\/55"}],"collection":[{"href":"http:\/\/gregorytimal.be\/index.php\/wp-json\/wp\/v2\/pages"}],"about":[{"href":"http:\/\/gregorytimal.be\/index.php\/wp-json\/wp\/v2\/types\/page"}],"author":[{"embeddable":true,"href":"http:\/\/gregorytimal.be\/index.php\/wp-json\/wp\/v2\/users\/1"}],"replies":[{"embeddable":true,"href":"http:\/\/gregorytimal.be\/index.php\/wp-json\/wp\/v2\/comments?post=55"}],"version-history":[{"count":16,"href":"http:\/\/gregorytimal.be\/index.php\/wp-json\/wp\/v2\/pages\/55\/revisions"}],"predecessor-version":[{"id":3734,"href":"http:\/\/gregorytimal.be\/index.php\/wp-json\/wp\/v2\/pages\/55\/revisions\/3734"}],"wp:featuredmedia":[{"embeddable":true,"href":"http:\/\/gregorytimal.be\/index.php\/wp-json\/wp\/v2\/media\/115"}],"wp:attachment":[{"href":"http:\/\/gregorytimal.be\/index.php\/wp-json\/wp\/v2\/media?parent=55"}],"curies":[{"name":"wp","href":"https:\/\/api.w.org\/{rel}","templated":true}]}}